{"id":2218,"date":"2020-08-13T18:40:03","date_gmt":"2020-08-13T15:40:03","guid":{"rendered":"https:\/\/www.allcaps.lt\/front-page\/"},"modified":"2023-06-07T11:09:48","modified_gmt":"2023-06-07T08:09:48","slug":"front-page","status":"publish","type":"page","link":"https:\/\/www.allcaps.lt\/lt\/","title":{"rendered":"Front page"},"content":{"rendered":"","protected":false},"excerpt":{"rendered":"","protected":false},"author":1,"featured_media":0,"parent":0,"menu_order":0,"comment_status":"closed","ping_status":"closed","template":"","meta":{"_acf_changed":false,"footnotes":""},"acf":[],"yoast_head":"<!-- This site is optimized with the Yoast SEO plugin v22.6 - https:\/\/yoast.com\/wordpress\/plugins\/seo\/ -->\n<title>Advertising becomes ALLVERTISING<\/title>\n<meta name=\"description\" content=\"Daugiau nei 20 met\u0173 po m\u016bs\u0173 stogu susitinka strategijos, k\u016brybin\u0117s reklamos id\u0117jos, dizainas, technologijos ir svarbiausi - m\u016bs\u0173 \u017emoni\u0173 talentai.\" \/>\n<meta name=\"robots\" content=\"index, follow, max-snippet:-1, max-image-preview:large, max-video-preview:-1\" \/>\n<link rel=\"canonical\" href=\"https:\/\/www.allcaps.lt\/lt\/\" \/>\n<meta property=\"og:locale\" content=\"lt_LT\" \/>\n<meta property=\"og:type\" content=\"article\" \/>\n<meta property=\"og:title\" content=\"Advertising becomes ALLVERTISING\" \/>\n<meta property=\"og:description\" content=\"Daugiau nei 20 met\u0173 po m\u016bs\u0173 stogu susitinka strategijos, k\u016brybin\u0117s reklamos id\u0117jos, dizainas, technologijos ir svarbiausi - m\u016bs\u0173 \u017emoni\u0173 talentai.\" \/>\n<meta property=\"og:url\" content=\"https:\/\/www.allcaps.lt\/lt\/\" \/>\n<meta property=\"og:site_name\" content=\"Allcaps\" \/>\n<meta property=\"article:modified_time\" content=\"2023-06-07T08:09:48+00:00\" \/>\n<meta property=\"og:image\" content=\"https:\/\/www.allcaps.lt\/app\/uploads\/2020\/10\/fb-cover.png\" \/>\n\t<meta property=\"og:image:width\" content=\"1164\" \/>\n\t<meta property=\"og:image:height\" content=\"655\" \/>\n\t<meta property=\"og:image:type\" content=\"image\/png\" \/>\n<meta name=\"twitter:card\" content=\"summary_large_image\" \/>\n<script type=\"application\/ld+json\" class=\"yoast-schema-graph\">{\"@context\":\"https:\/\/schema.org\",\"@graph\":[{\"@type\":\"WebPage\",\"@id\":\"https:\/\/www.allcaps.lt\/lt\/\",\"url\":\"https:\/\/www.allcaps.lt\/lt\/\",\"name\":\"Advertising becomes ALLVERTISING\",\"isPartOf\":{\"@id\":\"https:\/\/www.allcaps.lt\/lt\/#website\"},\"datePublished\":\"2020-08-13T15:40:03+00:00\",\"dateModified\":\"2023-06-07T08:09:48+00:00\",\"description\":\"Daugiau nei 20 met\u0173 po m\u016bs\u0173 stogu susitinka strategijos, k\u016brybin\u0117s reklamos id\u0117jos, dizainas, technologijos ir svarbiausi - m\u016bs\u0173 \u017emoni\u0173 talentai.\",\"breadcrumb\":{\"@id\":\"https:\/\/www.allcaps.lt\/lt\/#breadcrumb\"},\"inLanguage\":\"lt-LT\",\"potentialAction\":[{\"@type\":\"ReadAction\",\"target\":[\"https:\/\/www.allcaps.lt\/lt\/\"]}]},{\"@type\":\"BreadcrumbList\",\"@id\":\"https:\/\/www.allcaps.lt\/lt\/#breadcrumb\",\"itemListElement\":[{\"@type\":\"ListItem\",\"position\":1,\"name\":\"Home\",\"item\":\"https:\/\/www.allcaps.lt\/lt\/\"},{\"@type\":\"ListItem\",\"position\":2,\"name\":\"Front page\"}]},{\"@type\":\"WebSite\",\"@id\":\"https:\/\/www.allcaps.lt\/lt\/#website\",\"url\":\"https:\/\/www.allcaps.lt\/lt\/\",\"name\":\"Allcaps\",\"description\":\"\",\"potentialAction\":[{\"@type\":\"SearchAction\",\"target\":{\"@type\":\"EntryPoint\",\"urlTemplate\":\"https:\/\/www.allcaps.lt\/lt\/?s={search_term_string}\"},\"query-input\":\"required name=search_term_string\"}],\"inLanguage\":\"lt-LT\"}]}<\/script>\n<!-- \/ Yoast SEO plugin. -->","yoast_head_json":{"title":"Advertising becomes ALLVERTISING","description":"Daugiau nei 20 met\u0173 po m\u016bs\u0173 stogu susitinka strategijos, k\u016brybin\u0117s reklamos id\u0117jos, dizainas, technologijos ir svarbiausi - m\u016bs\u0173 \u017emoni\u0173 talentai.","robots":{"index":"index","follow":"follow","max-snippet":"max-snippet:-1","max-image-preview":"max-image-preview:large","max-video-preview":"max-video-preview:-1"},"canonical":"https:\/\/www.allcaps.lt\/lt\/","og_locale":"lt_LT","og_type":"article","og_title":"Advertising becomes ALLVERTISING","og_description":"Daugiau nei 20 met\u0173 po m\u016bs\u0173 stogu susitinka strategijos, k\u016brybin\u0117s reklamos id\u0117jos, dizainas, technologijos ir svarbiausi - m\u016bs\u0173 \u017emoni\u0173 talentai.","og_url":"https:\/\/www.allcaps.lt\/lt\/","og_site_name":"Allcaps","article_modified_time":"2023-06-07T08:09:48+00:00","og_image":[{"width":1164,"height":655,"url":"https:\/\/www.allcaps.lt\/app\/uploads\/2020\/10\/fb-cover.png","type":"image\/png"}],"twitter_card":"summary_large_image","schema":{"@context":"https:\/\/schema.org","@graph":[{"@type":"WebPage","@id":"https:\/\/www.allcaps.lt\/lt\/","url":"https:\/\/www.allcaps.lt\/lt\/","name":"Advertising becomes ALLVERTISING","isPartOf":{"@id":"https:\/\/www.allcaps.lt\/lt\/#website"},"datePublished":"2020-08-13T15:40:03+00:00","dateModified":"2023-06-07T08:09:48+00:00","description":"Daugiau nei 20 met\u0173 po m\u016bs\u0173 stogu susitinka strategijos, k\u016brybin\u0117s reklamos id\u0117jos, dizainas, technologijos ir svarbiausi - m\u016bs\u0173 \u017emoni\u0173 talentai.","breadcrumb":{"@id":"https:\/\/www.allcaps.lt\/lt\/#breadcrumb"},"inLanguage":"lt-LT","potentialAction":[{"@type":"ReadAction","target":["https:\/\/www.allcaps.lt\/lt\/"]}]},{"@type":"BreadcrumbList","@id":"https:\/\/www.allcaps.lt\/lt\/#breadcrumb","itemListElement":[{"@type":"ListItem","position":1,"name":"Home","item":"https:\/\/www.allcaps.lt\/lt\/"},{"@type":"ListItem","position":2,"name":"Front page"}]},{"@type":"WebSite","@id":"https:\/\/www.allcaps.lt\/lt\/#website","url":"https:\/\/www.allcaps.lt\/lt\/","name":"Allcaps","description":"","potentialAction":[{"@type":"SearchAction","target":{"@type":"EntryPoint","urlTemplate":"https:\/\/www.allcaps.lt\/lt\/?s={search_term_string}"},"query-input":"required name=search_term_string"}],"inLanguage":"lt-LT"}]}},"_links":{"self":[{"href":"https:\/\/www.allcaps.lt\/lt\/wp-json\/wp\/v2\/pages\/2218"}],"collection":[{"href":"https:\/\/www.allcaps.lt\/lt\/wp-json\/wp\/v2\/pages"}],"about":[{"href":"https:\/\/www.allcaps.lt\/lt\/wp-json\/wp\/v2\/types\/page"}],"author":[{"embeddable":true,"href":"https:\/\/www.allcaps.lt\/lt\/wp-json\/wp\/v2\/users\/1"}],"replies":[{"embeddable":true,"href":"https:\/\/www.allcaps.lt\/lt\/wp-json\/wp\/v2\/comments?post=2218"}],"version-history":[{"count":5,"href":"https:\/\/www.allcaps.lt\/lt\/wp-json\/wp\/v2\/pages\/2218\/revisions"}],"predecessor-version":[{"id":2590,"href":"https:\/\/www.allcaps.lt\/lt\/wp-json\/wp\/v2\/pages\/2218\/revisions\/2590"}],"wp:attachment":[{"href":"https:\/\/www.allcaps.lt\/lt\/wp-json\/wp\/v2\/media?parent=2218"}],"curies":[{"name":"wp","href":"https:\/\/api.w.org\/{rel}","templated":true}]}}